{"id":3469,"date":"2016-07-03T23:52:48","date_gmt":"2016-07-03T21:52:48","guid":{"rendered":"https:\/\/www.psychowellness.at\/oneup?page_id=3469"},"modified":"2025-06-18T22:17:29","modified_gmt":"2025-06-18T20:17:29","slug":"impressum","status":"publish","type":"page","link":"https:\/\/www.psychowellness.at\/oneup\/impressum\/","title":{"rendered":"Impressum"},"content":{"rendered":"<section id=\"section-section1\" class=\"pe-main-section pe-view-layout-block pe-view-layout-block-1 pe-style-light\" style=\"padding: 60px 0px 60px 0px;\">\n<div class=\"pe-block pe-view-layout-block pe-view-layout-block-2 pe-container process pe-view-layout-class-homecolumns\">\n<div class=\"row-fluid pe-container\">\n<div class=\"span4\">\n<div class=\"pe-block pe-view-layout-block pe-view-layout-block-4 pe-view-layout-class-homecolumn\">\n<div class=\"process-icon\"><\/div>\n<h4><\/h4>\n<\/div>\n<\/div>\n<div class=\"span4\">\n<div class=\"pe-block pe-view-layout-block pe-view-layout-block-3 pe-view-layout-class-homecolumn\">\n<div class=\"process-icon\"><\/div>\n<h4><\/h4>\n<p>Psychotherapeutische Praxis Angelika Ivinger<br \/>\nMariahilferg\u00fcrtel 10\/13 1060 Wien<br \/>\nSystemische Psychotherapie<br \/>\nPers\u00f6nlichkeits-Training<br \/>\nCoaching f\u00fcr Wirtschaft und Luftfahrt<br \/>\nDVR-Nr.: 4005480<\/p>\n<p>angelika.ivinger@psychowellness.at<\/p>\n<\/div>\n<\/div>\n<div class=\"span4\">\n<div class=\"pe-block pe-view-layout-block pe-view-layout-block-5 pe-view-layout-class-homecolumn\">\n<div class=\"process-icon\"><\/div>\n<h4><\/h4>\n<h3>Information gem\u00e4\u00df DSGVO<\/h3>\n<p>Der Schutz Ihrer pers\u00f6nlichen Daten ist mir ein besonderes Anliegen. Ich verarbeite Ihre Daten daher ausschlie\u00dflich auf Grundlage der gesetzlichen Bestimmungen (DSGVO, TKG 2003). In diesen Datenschutzinformationen informiere ich Sie \u00fcber die wichtigsten Aspekte der Datenverarbeitung im Rahmen dieser Website.<\/p>\n<p>Die Einzelheiten zum Datenschutz finden Sie hier.<\/p>\n<p><a href=\"https:\/\/www.psychowellness.at\/oneupdatenschutzerklaerung\/\">Datenschutzerklaerung<\/a><\/p>\n<p>Sie erreichen mich unter folgenden Kontaktdaten:<br \/>\nPsychotherapeutische Praxis Angelika Ivinger (0664 433 41 59, angelika.ivinger@psychowellness.at)<\/p>\n<\/div>\n<\/div>\n<\/div>\n<\/div>\n<div class=\"pe-block pe-view-layout-block pe-view-layout-block-7\">\n<div class=\"pe-container\">\n<div class=\"su-divider su-divider-style-default\" style=\"margin: 15px 0; border-width: 3px; border-color: #999999;\"><a style=\"color: #999999;\" href=\"#\">Nach oben<\/a><\/div>\n<p style=\"text-align: center;\"><a class=\"su-button su-button-style-default\" style=\"color: #ffffff; background-color: #2d89ef; border-color: #246ebf; border-radius: 5px; -moz-border-radius: 5px; -webkit-border-radius: 5px;\" href=\"https:\/\/www.psychowellness.at\/oneup\" target=\"_self\"><span style=\"color: #ffffff; padding: 0px 16px; font-size: 13px; line-height: 26px; border-color: #6cacf4; border-radius: 5px; -moz-border-radius: 5px; -webkit-border-radius: 5px; text-shadow: none; -moz-text-shadow: none; -webkit-text-shadow: none;\"> Formular schlie\u00dfen<\/span><\/a><\/p>\n<\/div>\n<\/div>\n<\/section>\n","protected":false},"excerpt":{"rendered":"<p>Psychotherapeutische Praxis Angelika Ivinger Mariahilferg\u00fcrtel 10\/13 1060 Wien Systemische Psychotherapie Pers\u00f6nlichkeits-Training Coaching f\u00fcr Wirtschaft und Luftfahrt DVR-Nr.: 4005480 angelika.ivinger@psychowellness.at Information gem\u00e4\u00df DSGVO Der Schutz Ihrer pers\u00f6nlichen Daten ist mir ein besonderes Anliegen. Ich verarbeite Ihre Daten daher ausschlie\u00dflich auf Grundlage der gesetzlichen Bestimmungen (DSGVO, TKG 2003). In diesen Datenschutzinformationen informiere ich Sie \u00fcber die wichtigsten<\/p>\n","protected":false},"author":2,"featured_media":0,"parent":0,"menu_order":0,"comment_status":"closed","ping_status":"closed","template":"page_builder.php","meta":{"footnotes":""},"class_list":["post-3469","page","type-page","status-publish","hentry"],"_links":{"self":[{"href":"https:\/\/www.psychowellness.at\/oneup\/wp-json\/wp\/v2\/pages\/3469","targetHints":{"allow":["GET"]}}],"collection":[{"href":"https:\/\/www.psychowellness.at\/oneup\/wp-json\/wp\/v2\/pages"}],"about":[{"href":"https:\/\/www.psychowellness.at\/oneup\/wp-json\/wp\/v2\/types\/page"}],"author":[{"embeddable":true,"href":"https:\/\/www.psychowellness.at\/oneup\/wp-json\/wp\/v2\/users\/2"}],"replies":[{"embeddable":true,"href":"https:\/\/www.psychowellness.at\/oneup\/wp-json\/wp\/v2\/comments?post=3469"}],"version-history":[{"count":16,"href":"https:\/\/www.psychowellness.at\/oneup\/wp-json\/wp\/v2\/pages\/3469\/revisions"}],"predecessor-version":[{"id":4029,"href":"https:\/\/www.psychowellness.at\/oneup\/wp-json\/wp\/v2\/pages\/3469\/revisions\/4029"}],"wp:attachment":[{"href":"https:\/\/www.psychowellness.at\/oneup\/wp-json\/wp\/v2\/media?parent=3469"}],"curies":[{"name":"wp","href":"https:\/\/api.w.org\/{rel}","templated":true}]}}