{"id":2663,"date":"2016-06-07T00:19:58","date_gmt":"2016-06-06T22:19:58","guid":{"rendered":"https:\/\/demo1.flynetwork.at\/?page_id=2663"},"modified":"2026-01-30T14:27:46","modified_gmt":"2026-01-30T13:27:46","slug":"kontaktform","status":"publish","type":"page","link":"https:\/\/www.psychowellness.at\/oneup\/kontaktform\/","title":{"rendered":"KontaktForm"},"content":{"rendered":"<section id=\"section-kontaktform\" class=\"pe-main-section pe-view-layout-block pe-view-layout-block-1 pe-style-light pe-bg-right pe-parallax\" style=\"padding: 60px 0px 10px 0px; background-color: rgba(255,255,255,0.2); background-image: url('https:\/\/www.psychowellness.at\/oneup\/wp-content\/uploads\/2016\/06\/bkgrd9-3.jpg'); background-position: 100% 0; background-repeat: no-repeat;\">\n<div class=\"pe-block pe-view-layout-block pe-view-layout-block-5 pe-container pe-view-layout-class-columns\">\n<div class=\"row-fluid pe-container\">\n<div class=\"span3\">\n<div class=\"pe-block pe-view-layout-block pe-view-layout-block-9\">\n<div class=\"pe-container\">\n<p><img loading=\"lazy\" decoding=\"async\" class=\"aligncenter size-medium wp-image-3444\" src=\"https:\/\/www.psychowellness.at\/oneup\/wp-content\/uploads\/2016\/06\/angelika_ivinger-1-225x300.jpg\" alt=\"angelika_ivinger\" width=\"225\" height=\"300\" srcset=\"https:\/\/www.psychowellness.at\/oneup\/wp-content\/uploads\/2016\/06\/angelika_ivinger-1-225x300.jpg 225w, https:\/\/www.psychowellness.at\/oneup\/wp-content\/uploads\/2016\/06\/angelika_ivinger-1-768x1024.jpg 768w, https:\/\/www.psychowellness.at\/oneup\/wp-content\/uploads\/2016\/06\/angelika_ivinger-1-150x200.jpg 150w, https:\/\/www.psychowellness.at\/oneup\/wp-content\/uploads\/2016\/06\/angelika_ivinger-1.jpg 1200w\" sizes=\"auto, (max-width: 225px) 100vw, 225px\" \/><\/p>\n<div class=\"su-note\" style=\"border-color: #e5e55c; border-radius: 3px; -moz-border-radius: 3px; -webkit-border-radius: 3px;\">\n<div class=\"su-note-inner su-clearfix\" style=\"background-color: #ffff66; border-color: #ffffe0; color: #333333; border-radius: 3px; -moz-border-radius: 3px; -webkit-border-radius: 3px;\">\n<p>Das erste Kennenlernen erfolgt in einem kostenfreien Erstgespr\u00e4ch von der Dauer von ca. 50 Minuten.<\/p>\n<p>Im Erstgespr\u00e4ch geht es darum, Ihre Problematik zu benennen und Ihre Vorstellungen und Ziele f\u00fcr die Therapie zu besprechen. Zus\u00e4tzlich werden die Rahmenbedingungen wie die Sitzungsfrequenz, die Kosten usw. gekl\u00e4rt.<\/p>\n<\/div>\n<\/div>\n<\/div>\n<\/div>\n<\/div>\n<div class=\"span9\">\n<div class=\"pe-block pe-view-layout-block pe-view-layout-block-2 pe-view-layout-class-form\">\n<form class=\"peThemeContactForm\" method=\"post\">\n<div class=\"bay form-horizontal\">\n<div class=\"su-service\">\n<div class=\"su-service-title\" style=\"padding-left: 46px; min-height: 32px; line-height: 32px;\"><img loading=\"lazy\" decoding=\"async\" src=\"https:\/\/www.psychowellness.at\/oneup\/wp-content\/plugins\/shortcodes-ultimate\/assets\/images\/service.png\" alt=\"Service title\" width=\"32\" height=\"32\" \/> Service title<\/div>\n<div class=\"su-service-content su-clearfix\" style=\"padding-left: 46px;\">\n<h3>Bitte senden Sie mir Ihre Kontaktdaten ich werde so rasch wie m\u00f6glich antworten.<\/h3>\n<p><br class=\"break\" \/>Bitte f\u00fcllen Sie zumindest die\u00a0mit einem Stern gekennzeichneten Felder aus.<\/p>\n<\/div>\n<\/div>\n<p><!--name field--><\/p>\n<div class=\"control-group\">\n<p><label class=\"control-label\" for=\"author-2\">Name<\/label><\/p>\n<div class=\"controls\"><input id=\"author-2\" class=\"required span9\" name=\"author\" type=\"text\" \/><br \/>\n<span class=\"help-inline\">*<\/span><\/div>\n<\/div>\n<p><!--name field--><\/p>\n<div class=\"control-group\">\n<p><label class=\"control-label\" for=\"phone-2\">Telefon<\/label><\/p>\n<div class=\"controls\"><input id=\"phone-2\" class=\" span9\" name=\"phone\" type=\"text\" \/><\/div>\n<\/div>\n<p><!--name field--><\/p>\n<div class=\"control-group\">\n<p><label class=\"control-label\" for=\"email-2\">Email<\/label><\/p>\n<div class=\"controls\"><input id=\"email-2\" class=\"required span9\" name=\"email\" type=\"text\" \/><br \/>\n<span class=\"help-inline\">*<\/span><\/div>\n<\/div>\n<p><!--name field--><\/p>\n<div class=\"control-group\">\n<p><label class=\"control-label\" for=\"message-2\">Meine Nachricht<\/label><\/p>\n<div class=\"controls\"><textarea id=\"message-2\" class=\"required span9\" name=\"message\" rows=\"12\"><\/textarea><br \/>\n<span class=\"help-inline\">*<\/span><\/div>\n<\/div>\n<div class=\"control-group\">\n<div class=\"controls\"><button class=\"contour-btn red\" type=\"submit\">Anfrage absenden<\/button><\/div>\n<\/div>\n<\/div>\n<div class=\"notifications\">\n<div id=\"contactFormSent\" class=\"formSent alert alert-success\"><strong>Ihre Anfrage wurde an mich abgeschickt.<\/strong>Herzlichen Dank f\u00fcr Ihre Nachricht.<\/div>\n<div id=\"contactFormError\" class=\"formError alert alert-error\"><strong>Oops, An error has ocurred!<\/strong> See the marked fields above to fix the errors.<\/div>\n<\/div>\n<\/form>\n<p><!--end form--><\/p>\n<\/div>\n<\/div>\n<\/div>\n<div class=\"row-fluid pe-container\">\n<div class=\"span3\">\n<div class=\"pe-block pe-view-layout-block pe-view-layout-block-10\">\n<div class=\"pe-container\"><\/div>\n<\/div>\n<\/div>\n<\/div>\n<\/div>\n<div class=\"pe-block pe-view-layout-block pe-view-layout-block-3\">\n<div class=\"pe-container\">\n<div class=\"su-divider su-divider-style-default\" style=\"margin: 15px 0; border-width: 3px; border-color: #999999;\"><a style=\"color: #999999;\" href=\"#\">Go to top<\/a><\/div>\n<p style=\"text-align: center;\"><a class=\"su-button su-button-style-default\" style=\"color: #ffffff; background-color: #2d89ef; border-color: #246ebf; border-radius: 5px; -moz-border-radius: 5px; -webkit-border-radius: 5px;\" href=\"https:\/\/www.psychowellness.at\/oneup\" target=\"_self\"><span style=\"color: #ffffff; padding: 0px 16px; font-size: 13px; line-height: 26px; border-color: #6cacf4; border-radius: 5px; -moz-border-radius: 5px; -webkit-border-radius: 5px; text-shadow: none; -moz-text-shadow: none; -webkit-text-shadow: none;\"> Formular schlie\u00dfen<\/span><\/a><\/p>\n<\/div>\n<\/div>\n<\/section>\n","protected":false},"excerpt":{"rendered":"<p>Das erste Kennenlernen erfolgt in einem kostenfreien Erstgespr\u00e4ch von der Dauer von ca. 50 Minuten. Im Erstgespr\u00e4ch geht es darum, Ihre Problematik zu benennen und Ihre Vorstellungen und Ziele f\u00fcr die Therapie zu besprechen. Zus\u00e4tzlich werden die Rahmenbedingungen wie die Sitzungsfrequenz, die Kosten usw. gekl\u00e4rt. Service title Bitte senden Sie mir Ihre Kontaktdaten ich werde<\/p>\n","protected":false},"author":2,"featured_media":0,"parent":0,"menu_order":0,"comment_status":"closed","ping_status":"closed","template":"page_builder.php","meta":{"footnotes":""},"class_list":["post-2663","page","type-page","status-publish","hentry"],"_links":{"self":[{"href":"https:\/\/www.psychowellness.at\/oneup\/wp-json\/wp\/v2\/pages\/2663","targetHints":{"allow":["GET"]}}],"collection":[{"href":"https:\/\/www.psychowellness.at\/oneup\/wp-json\/wp\/v2\/pages"}],"about":[{"href":"https:\/\/www.psychowellness.at\/oneup\/wp-json\/wp\/v2\/types\/page"}],"author":[{"embeddable":true,"href":"https:\/\/www.psychowellness.at\/oneup\/wp-json\/wp\/v2\/users\/2"}],"replies":[{"embeddable":true,"href":"https:\/\/www.psychowellness.at\/oneup\/wp-json\/wp\/v2\/comments?post=2663"}],"version-history":[{"count":27,"href":"https:\/\/www.psychowellness.at\/oneup\/wp-json\/wp\/v2\/pages\/2663\/revisions"}],"predecessor-version":[{"id":4040,"href":"https:\/\/www.psychowellness.at\/oneup\/wp-json\/wp\/v2\/pages\/2663\/revisions\/4040"}],"wp:attachment":[{"href":"https:\/\/www.psychowellness.at\/oneup\/wp-json\/wp\/v2\/media?parent=2663"}],"curies":[{"name":"wp","href":"https:\/\/api.w.org\/{rel}","templated":true}]}}